{"id":8,"date":"2011-07-24T10:32:19","date_gmt":"2011-07-24T10:32:19","guid":{"rendered":"http:\/\/www.atleticarezzato.it\/?page_id=8"},"modified":"2014-09-08T20:55:34","modified_gmt":"2014-09-08T20:55:34","slug":"i-nostri-corsi","status":"publish","type":"page","link":"https:\/\/www.atleticarezzato.it\/?page_id=8","title":{"rendered":"Corsi"},"content":{"rendered":"<p style=\"text-align: justify;\">Grazie alla collaborazione con i comuni di\u00a0 Rezzato e Mazzano ed all&#8217;impegno assiduo dei nostri <a title=\"i nostri coach\" href=\"https:\/\/www.atleticarezzato.it\/?page_id=68\" target=\"_blank\">tecnici<\/a> il G.S. Rezzato offre la possibilit\u00e0 di praticare l&#8217;atletica leggera a qualsiasi et\u00e0: dai giovanissimi ragazzi delle elementari ai &#8220;non pi\u00f9 giovanissimi&#8221;\u00a0 studenti delle superiori ed universitari I ragazzi impareranno ad apprendere dagli aspetti di base ai contenuti tecnici specifici dell&#8217;atletica passando attraverso l&#8217;acquisizione di valori chiave di questo sport quali la lealt\u00e0, la correttezza ed il rispetto per l&#8217;avversario. Esiste inoltre la possibilit\u00e0 di effettuare gare agonistiche dall&#8217;et\u00e0 di 10 anni in poi con trasporto garantito dalla societ\u00e0 tramite pulmino privato. .<\/p>\n<p style=\"text-align: justify;\">Di seguito ecco orari date e luoghi di allenamento:<\/p>\n<h2 align=\"CENTER\"><strong><span style=\"color: #000000;\"><span style=\"font-size: small;\"><strong>Corso di avviamento all\u2019atletica <\/strong><\/span><\/span><\/strong><strong><span style=\"color: #000000;\"><span style=\"font-size: small;\"><strong>per bambini\/e dai 6 ai 10 anni<\/strong><\/span><\/span><\/strong><strong><span style=\"color: #000000;\"><span style=\"font-size: small;\"><strong>(elementari)<\/strong><\/span><\/span><\/strong><\/h2>\n<p align=\"JUSTIFY\"><span style=\"color: #000000;\"><span style=\"font-size: small;\">Marted\u00ec e Gioved\u00ec dalle 16.30 alle 17.30 <\/span><\/span><\/p>\n<p align=\"JUSTIFY\"><span style=\"color: #000000;\"><span style=\"font-size: small;\">presso lo Stadio Comunale Rezzato (via Milano,14)<\/span><\/span><\/p>\n<p align=\"JUSTIFY\"><span style=\"color: #000000;\"><span style=\"font-size: small;\">in caso di pioggia:presso Palestra Scuola Media \u201cPerlasca\u201d<\/span><\/span><\/p>\n<p align=\"JUSTIFY\"><span style=\"color: #000000;\"><span style=\"font-size: small;\">Luned\u00ec dalle 16.00 alle 17.00 e Mercoled\u00ec dalle 16.30 alle 17.30<\/span><\/span><\/p>\n<p align=\"JUSTIFY\"><span style=\"color: #000000;\"><span style=\"font-size: small;\">presso Palestra Scuola Media \u201cFleming\u201d a Molinetto<\/span><\/span><\/p>\n<h2 align=\"CENTER\"><span style=\"color: #000000;\"><span style=\"font-size: small;\"><strong>Corso di atletica leggera per ragazzi\/e dagli 11 ai 14 anni (medie)<\/strong><\/span><\/span><\/h2>\n<p align=\"JUSTIFY\"><span style=\"color: #000000;\"><span style=\"font-size: small;\">Luned\u00ec e Mercoled\u00ec dalle 18.00 alle 19.30<\/span><\/span><\/p>\n<p align=\"JUSTIFY\"><span style=\"color: #000000;\"><span style=\"font-size: small;\">presso lo Stadio Comunale Rezzato (via Milano,14)<\/span><\/span><\/p>\n<p align=\"JUSTIFY\"><span style=\"color: #000000;\"><span style=\"font-size: small;\">in caso di pioggia:presso Palestra Scuola Media \u201cPerlasca\u201d<\/span><\/span><\/p>\n<h2 align=\"CENTER\"><strong><span style=\"color: #000000;\"><span style=\"font-size: small;\">Allenamenti di atletica leggera agonistica per ragazzi\/e <\/span><\/span><\/strong><\/h2>\n<h2 align=\"CENTER\"><span style=\"color: #000000;\"><span style=\"font-size: small;\"><strong>dai 15 anni in avanti<\/strong><\/span><\/span><\/h2>\n<p align=\"JUSTIFY\"><span style=\"color: #000000;\"><span style=\"font-size: small;\">Luned\u00ec \u2013 Mercoled\u00ec &#8211; Venerd\u00ec dalle 18 alle 20<\/span><\/span><\/p>\n<p align=\"JUSTIFY\"><span style=\"color: #000000;\"><span style=\"font-size: small;\">presso Stadio Comunale Rezzato (via Milano,14)<\/span><\/span><\/p>\n<p align=\"JUSTIFY\"><span style=\"color: #000000;\"><span style=\"font-size: small;\">L&#8217;opportunit\u00e0 di tenersi in forma \u00e8 offerta anche a genitori ed appassionati con corsi serali di aerobica e ginnastica di mantenimento:\u00a0<\/span><\/span><\/p>\n<h2 align=\"CENTER\"><span style=\"color: #000000;\"><span style=\"font-size: small;\"><strong><em>GINNASTICA\u00a0 DI\u00a0 MANTENIMENTO<\/em><\/strong><\/span><\/span><\/h2>\n<p><span style=\"color: #000000;\"><span style=\"font-size: small;\"><em>Luned\u00ec e Mercoled\u00ec dalle ore 19.50 alle 20.40<\/em><\/span><\/span><\/p>\n<p><span style=\"color: #000000;\"><span style=\"font-size: small;\"><em>presso Palestra Scuola Media\u00a0\u201cPerlasca\u201d &#8211; Rezzato<\/em><\/span><\/span><\/p>\n<h2 align=\"CENTER\"><span style=\"color: #000000;\"><span style=\"font-size: small;\"><em><strong>AEROBICA + GAG (gambe-addominali-glutei)+\u00a0 STEP<\/strong><\/em><\/span><\/span><\/h2>\n<p align=\"LEFT\">Luned\u00ec e Mercoled\u00ec dalle 20.40 alle 21.30<\/p>\n<p align=\"LEFT\">presso Palestra Scuola Media \u201cPerlasca\u201d &#8211; Rezzato<\/p>\n<p style=\"text-align: center;\" align=\"LEFT\"><code>[map address=\"Rezzato 2 via milano\" z=15]<\/code><\/p>\n<p>&nbsp;<\/p>\n","protected":false},"excerpt":{"rendered":"<p>Grazie alla collaborazione con i comuni di\u00a0 Rezzato e Mazzano ed all&#8217;impegno assiduo dei nostri tecnici il G.S. Rezzato offre la possibilit\u00e0 di praticare l&#8217;atletica leggera a qualsiasi et\u00e0: dai giovanissimi ragazzi delle elementari ai &#8220;non pi\u00f9 giovanissimi&#8221;\u00a0 studenti delle &hellip; <a href=\"https:\/\/www.atleticarezzato.it\/?page_id=8\">Continua a leggere<span class=\"meta-nav\">&rarr;<\/span><\/a><\/p>\n","protected":false},"author":1,"featured_media":0,"parent":0,"menu_order":0,"comment_status":"closed","ping_status":"closed","template":"sidebar-page.php","meta":{"jetpack_post_was_ever_published":false,"footnotes":""},"class_list":["post-8","page","type-page","status-publish","hentry"],"jetpack_sharing_enabled":true,"jetpack_shortlink":"https:\/\/wp.me\/P5mdqx-8","_links":{"self":[{"href":"https:\/\/www.atleticarezzato.it\/index.php?rest_route=\/wp\/v2\/pages\/8","targetHints":{"allow":["GET"]}}],"collection":[{"href":"https:\/\/www.atleticarezzato.it\/index.php?rest_route=\/wp\/v2\/pages"}],"about":[{"href":"https:\/\/www.atleticarezzato.it\/index.php?rest_route=\/wp\/v2\/types\/page"}],"author":[{"embeddable":true,"href":"https:\/\/www.atleticarezzato.it\/index.php?rest_route=\/wp\/v2\/users\/1"}],"replies":[{"embeddable":true,"href":"https:\/\/www.atleticarezzato.it\/index.php?rest_route=%2Fwp%2Fv2%2Fcomments&post=8"}],"version-history":[{"count":17,"href":"https:\/\/www.atleticarezzato.it\/index.php?rest_route=\/wp\/v2\/pages\/8\/revisions"}],"predecessor-version":[{"id":3274,"href":"https:\/\/www.atleticarezzato.it\/index.php?rest_route=\/wp\/v2\/pages\/8\/revisions\/3274"}],"wp:attachment":[{"href":"https:\/\/www.atleticarezzato.it\/index.php?rest_route=%2Fwp%2Fv2%2Fmedia&parent=8"}],"curies":[{"name":"wp","href":"https:\/\/api.w.org\/{rel}","templated":true}]}}