{"id":4,"date":"2011-07-24T10:20:31","date_gmt":"2011-07-24T10:20:31","guid":{"rendered":"http:\/\/www.atleticarezzato.it\/?page_id=4"},"modified":"2019-11-26T15:32:39","modified_gmt":"2019-11-26T14:32:39","slug":"chi-siamo","status":"publish","type":"page","link":"https:\/\/www.atleticarezzato.it\/?page_id=4","title":{"rendered":"Chi siamo"},"content":{"rendered":"<p style=\"text-align: justify;\"><strong>Una tradizione con origini lontane&#8230;\u00a0<\/strong>Il Gruppo Sportivo\u00a0 Rezzato \u00e8 presente sul territorio di Rezzato dal 1975 con un&#8217;affiata squadra agonistica che coinvolge ragazzi delle scuole medie e superiori e giovani universitari, corsi di ginnastica per adulti, corsi per l&#8217;avviamento all&#8217;atletica riservata ai bambini delle elementari.\u00a0 Da oltre trentanni uno staff di istruttori offre un servizio professionale aperto a grandi e piccini\u00a0 che si pone come obiettivo primario insegnare ai ragazzi gli aspetti di base ed i contenuti tecnici specifici dell&#8217;atletica passando attraverso l&#8217;acquisizione dei valori chiave di questo sport quali la lealt\u00e0, la correttezza ed il rispetto per l&#8217;avversario. Esiste inoltre la possibilit\u00e0 di effettuare gare agonistiche dallet\u00e0 di 10 anni in poi grazie alla presenza di un team di tecnici qualificati e specializzati con pi\u00f9 di ventanni desperienza nel settore\u00a0 affiancati da atleti plurititolati a livello provinciale e regionale.<\/p>\n","protected":false},"excerpt":{"rendered":"<p>Una tradizione con origini lontane&#8230;\u00a0Il Gruppo Sportivo\u00a0 Rezzato \u00e8 presente sul territorio di Rezzato dal 1975 con un&#8217;affiata squadra agonistica che coinvolge ragazzi delle scuole medie e superiori e giovani universitari, corsi di ginnastica per adulti, corsi per l&#8217;avviamento all&#8217;atletica &hellip; <a href=\"https:\/\/www.atleticarezzato.it\/?page_id=4\">Continua a leggere<span class=\"meta-nav\">&rarr;<\/span><\/a><\/p>\n","protected":false},"author":1,"featured_media":0,"parent":0,"menu_order":0,"comment_status":"closed","ping_status":"closed","template":"","meta":{"jetpack_post_was_ever_published":false,"footnotes":""},"class_list":["post-4","page","type-page","status-publish","hentry"],"jetpack_sharing_enabled":true,"jetpack_shortlink":"https:\/\/wp.me\/P5mdqx-4","_links":{"self":[{"href":"https:\/\/www.atleticarezzato.it\/index.php?rest_route=\/wp\/v2\/pages\/4","targetHints":{"allow":["GET"]}}],"collection":[{"href":"https:\/\/www.atleticarezzato.it\/index.php?rest_route=\/wp\/v2\/pages"}],"about":[{"href":"https:\/\/www.atleticarezzato.it\/index.php?rest_route=\/wp\/v2\/types\/page"}],"author":[{"embeddable":true,"href":"https:\/\/www.atleticarezzato.it\/index.php?rest_route=\/wp\/v2\/users\/1"}],"replies":[{"embeddable":true,"href":"https:\/\/www.atleticarezzato.it\/index.php?rest_route=%2Fwp%2Fv2%2Fcomments&post=4"}],"version-history":[{"count":10,"href":"https:\/\/www.atleticarezzato.it\/index.php?rest_route=\/wp\/v2\/pages\/4\/revisions"}],"predecessor-version":[{"id":6609,"href":"https:\/\/www.atleticarezzato.it\/index.php?rest_route=\/wp\/v2\/pages\/4\/revisions\/6609"}],"wp:attachment":[{"href":"https:\/\/www.atleticarezzato.it\/index.php?rest_route=%2Fwp%2Fv2%2Fmedia&parent=4"}],"curies":[{"name":"wp","href":"https:\/\/api.w.org\/{rel}","templated":true}]}}