{"id":2110,"date":"2012-10-02T16:20:45","date_gmt":"2012-10-02T16:20:45","guid":{"rendered":"http:\/\/www.atleticarezzato.it\/?page_id=2110"},"modified":"2019-11-26T15:26:09","modified_gmt":"2019-11-26T14:26:09","slug":"1%c2%b0-b-est-cross-country","status":"publish","type":"page","link":"https:\/\/www.atleticarezzato.it\/?page_id=2110","title":{"rendered":"8\u00b0 B.EST CROSS COUNTRY"},"content":{"rendered":"<p>Domenica 1 dicembre 2019 si garegger\u00e0 nel prestigioso parco settencentesco di Villa Mazzucchelli a Ciliverghe, l\u2019ottava edizione del BresciaEst cross country, corsa campestre giovanile e Allievi che FIDAL Brescia quest\u2019anno ha elevato a campionato provinciale individuale di corsa campestre per le categorie Ragazzi e Cadetti.<br \/>\nPartner dell\u2019evento saranno gli Alpini di Ciliverghe e Villa Mazzucchelli che ci ospiter\u00e0 nel suo bellissimo parco e il percorso si snoder\u00e0 tra i suoi prati e boschi con essenze secolari:\u201cVilla Mazzucchelli \u00e8 lieta di ospitare anche per quest\u2019anno la settima edizione della B.Est cross country che si terr\u00e0 domenica 1 dicembre 2019 nel secolare parco della Villa di 60mila metri quadrati. La corsa dell\u2019anno scorso ha registrato numerosissime presenze oltre che degli atleti anche dei familiari accorsi come pubblico all\u2019evento che hanno potuto apprezzare le bellezze di Villa Mazzucchelli \u201d.<\/p>\n<p>In occasione di questo evento \u00e8 stato promosso un\u2019iniziativa umanitaria a sostegno di Africathletics; l\u2019iniziativa denominata un piccolo gesto pu\u00f2 fare la differenza \u00e8 una raccolta di scarpe e abbigliamento sportivo da bambino non pi\u00f9 utilizzate per un progetto in Malawi. Nella mattinata della campestre ci sar\u00e0 un incaricato dell\u2019associazione a ritirare i \u2018piccoli gesti\u2019 che genitori e amici vorranno portare.<br \/>\ninfo:<br \/>\n\u2013 Qui trovate le informazioni per le iscrizioni<br \/>\n\u2013 Qui trovate le informazioni come raggiungerci<br \/>\n\u2013 Questo il video|spot di Simone Soncina e Claudio Pascolin<br \/>\n\u2013 Qui trovate l\u2019evento su Facebook con tutti gli aggiornamenti<\/p>\n<blockquote><p>\n  Programma Gare a partire dalle ore 10.00:<br \/>\n  \u2013 Esordienti femminile B\/C,<br \/>\n  \u2013 Esordienti machile B\/C,<br \/>\n  \u2013 Esordienti femminile A,<br \/>\n  \u2013 Esordienti maschile A,<br \/>\n  \u2013 Allieve,<br \/>\n  \u2013 Allievi,<br \/>\n  \u2013 Ragazze,<br \/>\n  \u2013 Ragazzi,<br \/>\n  \u2013 Cadette,<br \/>\n  \u2013 Cadetti<br \/>\n  Vi aspettiamo il 1 dicembre a Villa Mazzucchelli\n<\/p><\/blockquote>\n","protected":false},"excerpt":{"rendered":"<p>Domenica 1 dicembre 2019 si garegger\u00e0 nel prestigioso parco settencentesco di Villa Mazzucchelli a Ciliverghe, l\u2019ottava edizione del BresciaEst cross country, corsa campestre giovanile e Allievi che FIDAL Brescia quest\u2019anno ha elevato a campionato provinciale individuale di corsa campestre per &hellip; <a href=\"https:\/\/www.atleticarezzato.it\/?page_id=2110\">Continua a leggere<span class=\"meta-nav\">&rarr;<\/span><\/a><\/p>\n","protected":false},"author":1,"featured_media":0,"parent":0,"menu_order":0,"comment_status":"open","ping_status":"open","template":"","meta":{"jetpack_post_was_ever_published":false,"footnotes":""},"class_list":["post-2110","page","type-page","status-publish","hentry"],"jetpack_sharing_enabled":true,"jetpack_shortlink":"https:\/\/wp.me\/P5mdqx-y2","_links":{"self":[{"href":"https:\/\/www.atleticarezzato.it\/index.php?rest_route=\/wp\/v2\/pages\/2110","targetHints":{"allow":["GET"]}}],"collection":[{"href":"https:\/\/www.atleticarezzato.it\/index.php?rest_route=\/wp\/v2\/pages"}],"about":[{"href":"https:\/\/www.atleticarezzato.it\/index.php?rest_route=\/wp\/v2\/types\/page"}],"author":[{"embeddable":true,"href":"https:\/\/www.atleticarezzato.it\/index.php?rest_route=\/wp\/v2\/users\/1"}],"replies":[{"embeddable":true,"href":"https:\/\/www.atleticarezzato.it\/index.php?rest_route=%2Fwp%2Fv2%2Fcomments&post=2110"}],"version-history":[{"count":28,"href":"https:\/\/www.atleticarezzato.it\/index.php?rest_route=\/wp\/v2\/pages\/2110\/revisions"}],"predecessor-version":[{"id":6608,"href":"https:\/\/www.atleticarezzato.it\/index.php?rest_route=\/wp\/v2\/pages\/2110\/revisions\/6608"}],"wp:attachment":[{"href":"https:\/\/www.atleticarezzato.it\/index.php?rest_route=%2Fwp%2Fv2%2Fmedia&parent=2110"}],"curies":[{"name":"wp","href":"https:\/\/api.w.org\/{rel}","templated":true}]}}